{"id":2,"date":"2026-02-27T16:13:07","date_gmt":"2026-02-27T16:13:07","guid":{"rendered":"https:\/\/ongecosol.cl\/?page_id=2"},"modified":"2026-02-27T18:27:53","modified_gmt":"2026-02-27T18:27:53","slug":"sample-page","status":"publish","type":"page","link":"https:\/\/ongecosol.cl\/","title":{"rendered":"Bienvenido"},"content":{"rendered":"\t\t<div data-elementor-type=\"wp-page\" data-elementor-id=\"2\" class=\"elementor elementor-2\" data-elementor-post-type=\"page\">\n\t\t\t\t<div class=\"elementor-element elementor-element-245021d e-con-full e-flex e-con e-parent\" data-id=\"245021d\" data-element_type=\"container\" data-e-type=\"container\" id=\"cabecera\" data-settings=\"{&quot;background_background&quot;:&quot;classic&quot;}\">\n\t\t\t\t<div class=\"elementor-element elementor-element-8fde7cc elementor-widget elementor-widget-image\" data-id=\"8fde7cc\" data-element_type=\"widget\" data-e-type=\"widget\" data-widget_type=\"image.default\">\n\t\t\t\t\t\t\t\t\t\t\t\t\t\t\t<img decoding=\"async\" width=\"397\" height=\"116\" src=\"https:\/\/ongecosol.cl\/wp-content\/uploads\/2026\/02\/logo.png\" class=\"attachment-large size-large wp-image-14\" alt=\"\" srcset=\"https:\/\/ongecosol.cl\/wp-content\/uploads\/2026\/02\/logo.png 397w, https:\/\/ongecosol.cl\/wp-content\/uploads\/2026\/02\/logo-300x88.png 300w\" sizes=\"(max-width: 397px) 100vw, 397px\" \/>\t\t\t\t\t\t\t\t\t\t\t\t\t\t\t<\/div>\n\t\t<div class=\"elementor-element elementor-element-095c45a e-con-full e-flex e-con e-child\" data-id=\"095c45a\" data-element_type=\"container\" data-e-type=\"container\">\n\t\t\t\t<div class=\"elementor-element elementor-element-f38dd71 elementor-headline--style-highlight elementor-widget elementor-widget-animated-headline\" data-id=\"f38dd71\" data-element_type=\"widget\" data-e-type=\"widget\" data-settings=\"{&quot;marker&quot;:&quot;underline&quot;,&quot;highlighted_text&quot;:&quot;ECOSOL&quot;,&quot;headline_style&quot;:&quot;highlight&quot;,&quot;loop&quot;:&quot;yes&quot;,&quot;highlight_animation_duration&quot;:1200,&quot;highlight_iteration_delay&quot;:8000}\" data-widget_type=\"animated-headline.default\">\n\t\t\t\t\t\t\t<h3 class=\"elementor-headline\">\n\t\t\t\t\t<span class=\"elementor-headline-plain-text elementor-headline-text-wrapper\">ONG<\/span>\n\t\t\t\t<span class=\"elementor-headline-dynamic-wrapper elementor-headline-text-wrapper\">\n\t\t\t\t\t<span class=\"elementor-headline-dynamic-text elementor-headline-text-active\">ECOSOL<\/span>\n\t\t\t\t<\/span>\n\t\t\t\t<\/h3>\n\t\t\t\t\t\t<\/div>\n\t\t\t\t<\/div>\n\t\t\t\t<\/div>\n\t\t<div class=\"elementor-element elementor-element-1540c2b e-flex e-con-boxed e-con e-parent\" data-id=\"1540c2b\" data-element_type=\"container\" data-e-type=\"container\">\n\t\t\t\t\t<div class=\"e-con-inner\">\n\t\t\t\t\t<\/div>\n\t\t\t\t<\/div>\n\t\t<div class=\"elementor-element elementor-element-7e93167 cuerpo e-flex e-con-boxed e-con e-parent\" data-id=\"7e93167\" data-element_type=\"container\" data-e-type=\"container\">\n\t\t\t\t\t<div class=\"e-con-inner\">\n\t\t<div class=\"elementor-element elementor-element-f4a3f4c e-con-full e-flex e-con e-child\" data-id=\"f4a3f4c\" data-element_type=\"container\" data-e-type=\"container\">\n\t\t\t\t<div class=\"elementor-element elementor-element-e0a6431 elementor-widget elementor-widget-heading\" data-id=\"e0a6431\" data-element_type=\"widget\" data-e-type=\"widget\" data-widget_type=\"heading.default\">\n\t\t\t\t\t<h2 class=\"elementor-heading-title elementor-size-default\">M\u00e1s participaci\u00f3n, m\u00e1s seguridad:<\/h2>\t\t\t\t<\/div>\n\t\t\t\t<div class=\"elementor-element elementor-element-16697f5 elementor-widget elementor-widget-text-editor\" data-id=\"16697f5\" data-element_type=\"widget\" data-e-type=\"widget\" data-widget_type=\"text-editor.default\">\n\t\t\t\t\t\t\t\t\t<p>Es una iniciativa que mediante herramientas psico-sociales busca mejorar la convivencia y con ello mejorar las condiciones de seguridad, propiciando la recuperaci\u00f3n de la confianza, la conversaci\u00f3n y el di\u00e1logo entre vecinos, de esta manera resolver las problem\u00e1ticas comunes, para un desarrollo arm\u00f3nico de los barrios.<\/p><p>Estamos trabajando en tres barrios de la Regi\u00f3n Metropolitana: Lo Espejo: barrio Las Dunas, La Pintana Villa Las Am\u00e9ricas y en Buin en la Poblaci\u00f3n Jorge Washington.<\/p>\t\t\t\t\t\t\t\t<\/div>\n\t\t\t\t<div class=\"elementor-element elementor-element-68cd565 elementor-widget elementor-widget-heading\" data-id=\"68cd565\" data-element_type=\"widget\" data-e-type=\"widget\" data-widget_type=\"heading.default\">\n\t\t\t\t\t<h2 class=\"elementor-heading-title elementor-size-default\">La iniciativa est\u00e1 compuesta por 7 talleres socio educativos destinados a vecinas y vecinos de estos barrios.<\/h2>\t\t\t\t<\/div>\n\t\t\t\t<\/div>\n\t\t\t\t<div class=\"elementor-element elementor-element-2fb237f elementor-widget elementor-widget-spacer\" data-id=\"2fb237f\" data-element_type=\"widget\" data-e-type=\"widget\" data-widget_type=\"spacer.default\">\n\t\t\t\t\t\t\t<div class=\"elementor-spacer\">\n\t\t\t<div class=\"elementor-spacer-inner\"><\/div>\n\t\t<\/div>\n\t\t\t\t\t\t<\/div>\n\t\t<div class=\"elementor-element elementor-element-e5720f1 e-con-full e-flex e-con e-child\" data-id=\"e5720f1\" data-element_type=\"container\" data-e-type=\"container\">\n\t\t<div class=\"elementor-element elementor-element-daf5963 e-con-full e-flex e-con e-child\" data-id=\"daf5963\" data-element_type=\"container\" data-e-type=\"container\">\n\t\t\t\t<div class=\"elementor-element elementor-element-55ccb15 elementor-widget elementor-widget-heading\" data-id=\"55ccb15\" data-element_type=\"widget\" data-e-type=\"widget\" data-widget_type=\"heading.default\">\n\t\t\t\t\t<h2 class=\"elementor-heading-title elementor-size-default\">Nuestros talleres<\/h2>\t\t\t\t<\/div>\n\t\t\t\t<div class=\"elementor-element elementor-element-ef82aac elementor-widget__width-initial elementor-widget elementor-widget-text-editor\" data-id=\"ef82aac\" data-element_type=\"widget\" data-e-type=\"widget\" data-widget_type=\"text-editor.default\">\n\t\t\t\t\t\t\t\t\t<p>Una de las cosas que m\u00e1s nos motiva es generar un espacio de buena convivencia, eso est\u00e1 en el coraz\u00f3n de nuestro prop\u00f3sito, de nuestros talleres, pero,adem\u00e1s creemos que las cosas bellas en la vida se logran con dedicaci\u00f3n, paciencia y entusiasmo. Cada vez que se crea algo, un adorno, una cosita linda que alegra nuestra vida, lo hacemos con nuestras manos y es esa capacidad de crear, de entusiasmarnos con paciencia en el aprendizaje de t\u00e9cnicas e ideas nuevas, es un elemento fundamental de los talleres que forman parte de nuestro proyecto.<\/p>\t\t\t\t\t\t\t\t<\/div>\n\t\t\t\t<\/div>\n\t\t\t\t<div class=\"elementor-element elementor-element-939c13b elementor-widget__width-initial elementor-widget elementor-widget-text-editor\" data-id=\"939c13b\" data-element_type=\"widget\" data-e-type=\"widget\" data-widget_type=\"text-editor.default\">\n\t\t\t\t\t\t\t\t\t<ul><li><strong>Taller Malabares,Globoflexia: Derechos de INFANCIA: <\/strong>Esta destinados a ni\u00f1as y ni\u00f1os, busca promover el cuidado social de la infancia mediante actividades l\u00fadicas y de entretenci\u00f3n.<\/li><li><strong>Taller de Convivencia vecinal y Lana terapia<\/strong>: mediante el uso de distintas t\u00e9cnicas y materiales (lanas, telares autoconstruidos, etc.) se generan actividades de aprendizaje en esta \u00e1rea de las manualidades y se vincula con los procesos y relaciones generadas en la comunidad creando un espacio ameno para la reflexi\u00f3n y la creaci\u00f3n.<\/li><li><strong>Taller Autocuidado Psicol\u00f3gicos y Danza Consciente:<\/strong> explora mediante la m\u00fasica y el movimiento distintas t\u00e9cnicas de introspecci\u00f3n y auto sanaci\u00f3n.<\/li><li><strong>Taller Autocuidados Psicol\u00f3gicos y Hierbas Medicinales:<\/strong> A trav\u00e9s del aprendizaje de las hierbas y sus propiedades medicinales se generan procesos de dialogo y conocimiento sobre problem\u00e1ticas psicol\u00f3gicas.<\/li><li><strong>Taller mediaci\u00f3nvecinal y jabonesartesanales y velas<\/strong>: mediante la conversaci\u00f3n se busca reactivar la memoria barrial y esto se conecta con la elaboraci\u00f3n de jabones terap\u00e9uticos y velas de sanaci\u00f3n.<\/li><li><strong>Taller Prevenci\u00f3nViolencia intrafamiliar y Bisuter\u00eda<\/strong>:Aprendemos a elaborar joyas y adornos con mostacillas, aprendemos bisuter\u00eda y conversamos sobre la necesidad de generar relaciones familiares sin violencia.<\/li><li><strong>Taller Mejorando Nuestro Espacio y Gesti\u00f3n Barrial:<\/strong> En conjunto con los vecinos se elaboran las actividades para mejorar la convivencia comunitaria.<\/li><\/ul>\t\t\t\t\t\t\t\t<\/div>\n\t\t\t\t<\/div>\n\t\t<div class=\"elementor-element elementor-element-6377d26 e-con-full e-flex e-con e-child\" data-id=\"6377d26\" data-element_type=\"container\" data-e-type=\"container\" data-settings=\"{&quot;background_background&quot;:&quot;classic&quot;}\">\n\t\t<div class=\"elementor-element elementor-element-40a1778 e-con-full e-flex e-con e-child\" data-id=\"40a1778\" data-element_type=\"container\" data-e-type=\"container\">\n\t\t\t\t<div class=\"elementor-element elementor-element-7b239b6 elementor-widget elementor-widget-text-editor\" data-id=\"7b239b6\" data-element_type=\"widget\" data-e-type=\"widget\" data-widget_type=\"text-editor.default\">\n\t\t\t\t\t\t\t\t\t<h3><span style=\"color: #ff6600;\"><em><strong>La F\u00f3rmula Perfecta<\/strong>:<\/em><\/span><\/h3><p>Aqu\u00ed encontrar\u00e1s recetas, tutoriales para que puedas realizar distintas manualidades.<\/p>\t\t\t\t\t\t\t\t<\/div>\n\t\t\t\t<div class=\"elementor-element elementor-element-493c026 elementor-widget elementor-widget-button\" data-id=\"493c026\" data-element_type=\"widget\" data-e-type=\"widget\" data-widget_type=\"button.default\">\n\t\t\t\t\t\t\t\t\t\t<a class=\"elementor-button elementor-button-link elementor-size-sm\" href=\"#\">\n\t\t\t\t\t\t<span class=\"elementor-button-content-wrapper\">\n\t\t\t\t\t\t\t\t\t<span class=\"elementor-button-text\">PRONTO !!!<\/span>\n\t\t\t\t\t<\/span>\n\t\t\t\t\t<\/a>\n\t\t\t\t\t\t\t\t<\/div>\n\t\t\t\t<\/div>\n\t\t<div class=\"elementor-element elementor-element-0eeabc8 e-con-full e-flex e-con e-child\" data-id=\"0eeabc8\" data-element_type=\"container\" data-e-type=\"container\">\n\t\t\t\t<div class=\"elementor-element elementor-element-739234d elementor-widget elementor-widget-text-editor\" data-id=\"739234d\" data-element_type=\"widget\" data-e-type=\"widget\" data-widget_type=\"text-editor.default\">\n\t\t\t\t\t\t\t\t\t<h3><span style=\"color: #ff6600;\"><em><strong>La Recomendaci\u00f3n del Mes<\/strong>.<\/em><\/span><\/h3><p>En esta secci\u00f3n entreg\u00e1remos algunas recomendaciones y orientaciones para un buen vivir.\u00a0<\/p>\t\t\t\t\t\t\t\t<\/div>\n\t\t\t\t<div class=\"elementor-element elementor-element-9a09666 elementor-widget elementor-widget-button\" data-id=\"9a09666\" data-element_type=\"widget\" data-e-type=\"widget\" data-widget_type=\"button.default\">\n\t\t\t\t\t\t\t\t\t\t<a class=\"elementor-button elementor-button-link elementor-size-sm\" href=\"#\">\n\t\t\t\t\t\t<span class=\"elementor-button-content-wrapper\">\n\t\t\t\t\t\t\t\t\t<span class=\"elementor-button-text\">PRONTO !!!<\/span>\n\t\t\t\t\t<\/span>\n\t\t\t\t\t<\/a>\n\t\t\t\t\t\t\t\t<\/div>\n\t\t\t\t<\/div>\n\t\t\t\t<\/div>\n\t\t\t\t\t<\/div>\n\t\t\t\t<\/div>\n\t\t<div class=\"elementor-element elementor-element-be77613 e-flex e-con-boxed e-con e-parent\" data-id=\"be77613\" data-element_type=\"container\" data-e-type=\"container\" id=\"pies\" data-settings=\"{&quot;background_background&quot;:&quot;classic&quot;}\">\n\t\t\t\t\t<div class=\"e-con-inner\">\n\t\t\t\t<div class=\"elementor-element elementor-element-8b39f98 elementor-widget elementor-widget-image\" data-id=\"8b39f98\" data-element_type=\"widget\" data-e-type=\"widget\" data-widget_type=\"image.default\">\n\t\t\t\t\t\t\t\t\t\t\t\t\t\t\t<img decoding=\"async\" width=\"368\" height=\"69\" src=\"https:\/\/ongecosol.cl\/wp-content\/uploads\/2026\/02\/pies1.png\" class=\"attachment-large size-large wp-image-15\" alt=\"\" srcset=\"https:\/\/ongecosol.cl\/wp-content\/uploads\/2026\/02\/pies1.png 368w, https:\/\/ongecosol.cl\/wp-content\/uploads\/2026\/02\/pies1-300x56.png 300w\" sizes=\"(max-width: 368px) 100vw, 368px\" \/>\t\t\t\t\t\t\t\t\t\t\t\t\t\t\t<\/div>\n\t\t\t\t<div class=\"elementor-element elementor-element-c247bfe elementor-widget elementor-widget-image\" data-id=\"c247bfe\" data-element_type=\"widget\" data-e-type=\"widget\" data-widget_type=\"image.default\">\n\t\t\t\t\t\t\t\t\t\t\t\t\t\t\t<img decoding=\"async\" width=\"466\" height=\"91\" src=\"https:\/\/ongecosol.cl\/wp-content\/uploads\/2026\/02\/pies2-1.png\" class=\"attachment-large size-large wp-image-17\" alt=\"\" srcset=\"https:\/\/ongecosol.cl\/wp-content\/uploads\/2026\/02\/pies2-1.png 466w, https:\/\/ongecosol.cl\/wp-content\/uploads\/2026\/02\/pies2-1-300x59.png 300w\" sizes=\"(max-width: 466px) 100vw, 466px\" \/>\t\t\t\t\t\t\t\t\t\t\t\t\t\t\t<\/div>\n\t\t\t\t\t<\/div>\n\t\t\t\t<\/div>\n\t\t\t\t<\/div>\n\t\t","protected":false},"excerpt":{"rendered":"<p>ONG ECOSOL M\u00e1s participaci\u00f3n, m\u00e1s seguridad: Es una iniciativa que mediante herramientas psico-sociales busca mejorar la convivencia y con ello mejorar las condiciones de seguridad, propiciando la recuperaci\u00f3n de la confianza, la conversaci\u00f3n y el di\u00e1logo entre vecinos, de esta manera resolver las problem\u00e1ticas comunes, para un desarrollo arm\u00f3nico de los barrios. Estamos trabajando en [&hellip;]<\/p>\n","protected":false},"author":1,"featured_media":0,"parent":0,"menu_order":0,"comment_status":"closed","ping_status":"open","template":"elementor_canvas","meta":{"footnotes":""},"class_list":["post-2","page","type-page","status-publish","hentry"],"_links":{"self":[{"href":"https:\/\/ongecosol.cl\/index.php\/wp-json\/wp\/v2\/pages\/2","targetHints":{"allow":["GET"]}}],"collection":[{"href":"https:\/\/ongecosol.cl\/index.php\/wp-json\/wp\/v2\/pages"}],"about":[{"href":"https:\/\/ongecosol.cl\/index.php\/wp-json\/wp\/v2\/types\/page"}],"author":[{"embeddable":true,"href":"https:\/\/ongecosol.cl\/index.php\/wp-json\/wp\/v2\/users\/1"}],"replies":[{"embeddable":true,"href":"https:\/\/ongecosol.cl\/index.php\/wp-json\/wp\/v2\/comments?post=2"}],"version-history":[{"count":22,"href":"https:\/\/ongecosol.cl\/index.php\/wp-json\/wp\/v2\/pages\/2\/revisions"}],"predecessor-version":[{"id":40,"href":"https:\/\/ongecosol.cl\/index.php\/wp-json\/wp\/v2\/pages\/2\/revisions\/40"}],"wp:attachment":[{"href":"https:\/\/ongecosol.cl\/index.php\/wp-json\/wp\/v2\/media?parent=2"}],"curies":[{"name":"wp","href":"https:\/\/api.w.org\/{rel}","templated":true}]}}